

{"id":8862,"date":"2026-02-25T17:08:42","date_gmt":"2026-02-25T17:08:42","guid":{"rendered":"https:\/\/toso.it\/?page_id=8862"},"modified":"2026-02-25T17:31:33","modified_gmt":"2026-02-25T17:31:33","slug":"bilancio-di-sostenibilita","status":"publish","type":"page","link":"https:\/\/toso.it\/en\/bilancio-di-sostenibilita\/","title":{"rendered":"Sustainability Report"},"content":{"rendered":"<div data-elementor-type=\"wp-page\" data-elementor-id=\"8862\" class=\"elementor elementor-8862\" data-elementor-settings=\"[]\">\n\t\t\t\t\t\t\t<div class=\"elementor-section-wrap\">\n\t\t\t\t\t\t\t<div class=\"elementor-section elementor-top-section elementor-element elementor-element-8bbe263 elementor-section-stretched elementor-section-boxed elementor-section-height-default elementor-section-height-default\" data-id=\"8bbe263\" data-element_type=\"section\" data-settings=\"{&quot;stretch_section&quot;:&quot;section-stretched&quot;}\">\n\t\t\t\t\t\t<div class=\"elementor-container elementor-column-gap-no\">\n\t\t\t\t\t<div class=\"elementor-column elementor-col-50 elementor-top-column elementor-element elementor-element-e19dd89\" data-id=\"e19dd89\" data-element_type=\"column\">\n\t\t\t<div class=\"elementor-widget-wrap elementor-element-populated\">\n\t\t\t\t\t\t\t\t<div class=\"elementor-element elementor-element-6e63f0a elementor-widget elementor-widget-spacer\" data-id=\"6e63f0a\" data-element_type=\"widget\" data-widget_type=\"spacer.default\">\n\t\t\t\t<div class=\"elementor-widget-container\">\n\t\t\t\t\t<div class=\"elementor-spacer\">\n\t\t\t<div class=\"elementor-spacer-inner\"><\/div>\n\t\t<\/div>\n\t\t\t\t<\/div>\n\t\t\t\t<\/div>\n\t\t\t\t<div class=\"elementor-element elementor-element-a54c99d elementor-widget elementor-widget-heading\" data-id=\"a54c99d\" data-element_type=\"widget\" data-widget_type=\"heading.default\">\n\t\t\t\t<div class=\"elementor-widget-container\">\n\t\t\t<h2 class=\"elementor-heading-title elementor-size-default\">Toso house<\/h2>\t\t<\/div>\n\t\t\t\t<\/div>\n\t\t\t\t<div class=\"elementor-element elementor-element-da17611 elementor-widget elementor-widget-heading\" data-id=\"da17611\" data-element_type=\"widget\" data-widget_type=\"heading.default\">\n\t\t\t\t<div class=\"elementor-widget-container\">\n\t\t\t<h2 class=\"elementor-heading-title elementor-size-default\">Sustainability Report<\/h2>\t\t<\/div>\n\t\t\t\t<\/div>\n\t\t\t\t<div class=\"elementor-element elementor-element-41debde elementor-widget elementor-widget-image\" data-id=\"41debde\" data-element_type=\"widget\" data-widget_type=\"image.default\">\n\t\t\t\t<div class=\"elementor-widget-container\">\n\t\t\t\t\t\t\t\t\t\t\t\t\t\t\t<img src=\"https:\/\/demo2wpopal.b-cdn.net\/bodoni\/wp-content\/uploads\/2021\/07\/vector.png\" title=\"\" alt=\"\" \/>\t\t\t\t\t\t\t\t\t\t\t\t\t\t\t<\/div>\n\t\t\t\t<\/div>\n\t\t\t\t<div class=\"elementor-element elementor-element-e1ae757 elementor-widget elementor-widget-text-editor\" data-id=\"e1ae757\" data-element_type=\"widget\" data-widget_type=\"text-editor.default\">\n\t\t\t\t<div class=\"elementor-widget-container\">\n\t\t\t\t\t\t\t<p>Sustainability: our tradition evolving<\/p>\t\t\t\t\t\t<\/div>\n\t\t\t\t<\/div>\n\t\t\t\t\t<\/div>\n\t\t<\/div>\n\t\t\t\t<div class=\"elementor-column elementor-col-50 elementor-top-column elementor-element elementor-element-0f3b50c\" data-id=\"0f3b50c\" data-element_type=\"column\">\n\t\t\t<div class=\"elementor-widget-wrap\">\n\t\t\t\t\t\t\t\t\t<\/div>\n\t\t<\/div>\n\t\t\t\t\t\t\t<\/div>\n\t\t<\/div>\n\t\t\t\t<div class=\"elementor-section elementor-top-section elementor-element elementor-element-f2e22fa elementor-section-stretched elementor-section-boxed elementor-section-height-default elementor-section-height-default\" data-id=\"f2e22fa\" data-element_type=\"section\" data-settings=\"{&quot;stretch_section&quot;:&quot;section-stretched&quot;}\">\n\t\t\t\t\t\t<div class=\"elementor-container elementor-column-gap-no\">\n\t\t\t\t\t<div class=\"elementor-column elementor-col-50 elementor-top-column elementor-element elementor-element-886b99e\" data-id=\"886b99e\" data-element_type=\"column\">\n\t\t\t<div class=\"elementor-widget-wrap elementor-element-populated\">\n\t\t\t\t\t\t\t\t<div class=\"elementor-element elementor-element-bf1db82 elementor-position-left bodoni-image-box-style-1 elementor-vertical-align-top elementor-widget elementor-widget-image-box\" data-id=\"bf1db82\" data-element_type=\"widget\" data-widget_type=\"image-box.default\">\n\t\t\t\t<div class=\"elementor-widget-container\">\n\t\t\t<div class=\"elementor-image-box-wrapper\"><figure class=\"elementor-image-box-img\"><a href=\"https:\/\/toso.it\/wp-content\/uploads\/2026\/02\/TOSO_BILANCIO_DI_SOSTENIBILITA.pdf\" target=\"_blank\"><img width=\"1655\" height=\"2340\" src=\"https:\/\/toso.it\/wp-content\/uploads\/2026\/02\/Pagine-da-TOSO_BILANCIO_DI_SOSTENIBILITA.jpg\" class=\"attachment-full size-full\" alt=\"\" loading=\"lazy\" \/><\/a><\/figure><div class=\"elementor-image-box-content\"><h3 class=\"elementor-image-box-title\"><a href=\"https:\/\/toso.it\/wp-content\/uploads\/2026\/02\/TOSO_BILANCIO_DI_SOSTENIBILITA.pdf\" target=\"_blank\">Sustainability Report<\/a><\/h3><p class=\"elementor-image-box-description\">In 2024, Toso published its first Sustainability Report, formally structuring a commitment that has always guided the way we do business.\nPrepared in accordance with the voluntary VSME standard, the document transparently outlines our environmental, social and governance commitments.\n<br><br>\n<a href=\"https:\/\/toso.it\/wp-content\/uploads\/2026\/02\/TOSO_BILANCIO_DI_SOSTENIBILITA.pdf\" target=\"_blank\" rel=\"noopener noreferrer\">Download the Sustainability Report 2024 (Italian version \u2013 PDF)<\/a><\/p><\/div><\/div>\t\t<\/div>\n\t\t\t\t<\/div>\n\t\t\t\t<div class=\"elementor-element elementor-element-675ae8e elementor-widget elementor-widget-text-editor\" data-id=\"675ae8e\" data-element_type=\"widget\" data-no-translation=\"\" data-widget_type=\"text-editor.default\">\n\t\t\t\t<div class=\"elementor-widget-container\">\n\t\t\t<style>.elementor-element-675ae8e{display:none !important}<\/style>\t\t<\/div>\n\t\t\t\t<\/div>\n\t\t\t\t<div class=\"elementor-element elementor-element-a3a5971 elementor-widget elementor-widget-text-editor\" data-id=\"a3a5971\" data-element_type=\"widget\" data-no-translation=\"\" data-widget_type=\"text-editor.default\">\n\t\t\t\t<div class=\"elementor-widget-container\">\n\t\t\t\t\t\t\t<h2>Environment and Resource Management<\/h2>\n<p>Protecting our territory and reducing environmental impact are central elements of Toso&#8217;s production model. The company monitors energy consumption, emissions and resource use through ISO 14001 and ISO 50001 certified management systems, adopting a continuous improvement approach.<\/p>\n\n<h3>Key Data 2024<\/h3>\n\n<h4>Energy<\/h4>\n<ul>\n  <li>20% of total energy demand covered by photovoltaic systems<\/li>\n  <li>408,922 kWh generated from renewable sources<\/li>\n  <li>88 tCO\u2082eq avoided thanks to photovoltaic production<\/li>\n<\/ul>\n\n<h4>Materials and Packaging<\/h4>\n<ul>\n  <li>73% lightweight bottles<\/li>\n  <li>80% bottles made from recycled material<\/li>\n  <li>FSC-certified suppliers<\/li>\n<\/ul>\n\n<h4>Water<\/h4>\n<ul>\n  <li>59,005 m\u00b3 of water withdrawn<\/li>\n  <li>100% of wastewater treated and purified<\/li>\n  <li>Authorized and controlled discharge system<\/li>\n<\/ul>\n\n<h4>Emissions<\/h4>\n<ul>\n  <li>773.33 tCO\u2082eq (Scope 1 + Scope 2)<\/li>\n  <li>Carbon Footprint calculated in accordance with VSME<\/li>\n  <li>Scope 3 inclusion planned by 2026<\/li>\n<\/ul>\n\n<hr>\n\n<h2>People and Social Responsibility<\/h2>\n<p>People are the driving force behind Toso&#8217;s growth. The company promotes safe working conditions, continuous training and equal opportunities, with the aim of enhancing skills, well-being and long-term employment stability.<\/p>\n\n<h3>Key Data 2024<\/h3>\n\n<h4>Workforce Structure<\/h4>\n<ul>\n  <li>53 employees<\/li>\n  <li>98% permanent contracts<\/li>\n  <li>39% female workforce<\/li>\n<\/ul>\n\n<h4>Health and Safety<\/h4>\n<ul>\n  <li>0 workplace injuries in 2024<\/li>\n  <li>Continuous monitoring of safety indicators<\/li>\n<\/ul>\n\n<h4>Training<\/h4>\n<ul>\n  <li>1,523 training hours delivered<\/li>\n  <li>28 average training hours per employee<\/li>\n<\/ul>\n\n<h4>Welfare and Community<\/h4>\n<ul>\n  <li>Active corporate welfare plan<\/li>\n  <li>Support for local initiatives and Fondazione 1001 ETS<\/li>\n<\/ul>\n\n<hr>\n\n<h2>Governance and Responsible Management<\/h2>\n<p>Toso&#8217;s governance framework is based on transparency, control and accountability. The company adopts certified management systems and structured organizational tools to ensure regulatory compliance, data protection and risk prevention.<\/p>\n\n<h3>Key Data 2024<\/h3>\n\n<h4>Management Systems<\/h4>\n<ul>\n  <li>ISO 9001, 14001, 22000 and 50001 certifications<\/li>\n  <li>Equalitas certification process underway<\/li>\n<\/ul>\n\n<h4>Ethics and Compliance<\/h4>\n<ul>\n  <li>Organizational Model pursuant to Legislative Decree 231\/01<\/li>\n  <li>Corporate Code of Ethics<\/li>\n  <li>Active Supervisory Body<\/li>\n<\/ul>\n\n<h4>Transparency and Reporting<\/h4>\n<ul>\n  <li>Double materiality analysis<\/li>\n  <li>Reporting in accordance with VSME (EFRAG) standards<\/li>\n<\/ul>\n\n<h4>Data Protection and Privacy<\/h4>\n<ul>\n  <li>Structured data management system<\/li>\n  <li>Continuous staff training on privacy and data protection<\/li>\n<\/ul>\n\n<hr>\n\n<h2>Approach and Methodology<\/h2>\n<p>The Sustainability Report 2024 was prepared on a voluntary basis in accordance with the VSME (EFRAG) standard, through a double materiality analysis and the direct involvement of key stakeholders, ensuring transparency, consistency and measurable environmental, social and governance impacts.<\/p>\n\n<h3>Future Objectives<\/h3>\n<p>The Report represents a starting point. In the coming years, Toso will continue its path of continuous improvement, strengthening impact measurement, enhancing people development and further integrating sustainability into its corporate strategy.<\/p>\t\t\t\t\t\t<\/div>\n\t\t\t\t<\/div>\n\t\t\t\t\t<\/div>\n\t\t<\/div>\n\t\t\t\t<div class=\"elementor-column elementor-col-50 elementor-top-column elementor-element elementor-element-2303feb\" data-id=\"2303feb\" data-element_type=\"column\" data-settings=\"{&quot;background_background&quot;:&quot;classic&quot;}\">\n\t\t\t<div class=\"elementor-widget-wrap elementor-element-populated\">\n\t\t\t\t\t\t\t\t<div class=\"elementor-element elementor-element-21dba30 elementor-widget elementor-widget-image\" data-id=\"21dba30\" data-element_type=\"widget\" data-widget_type=\"image.default\">\n\t\t\t\t<div class=\"elementor-widget-container\">\n\t\t\t\t\t\t\t\t\t\t\t\t\t\t\t<img width=\"980\" height=\"654\" src=\"https:\/\/toso.it\/wp-content\/uploads\/2021\/12\/11127909_1060029434011159_6165573654840739785_o-1024x683.jpg\" class=\"attachment-large size-large\" alt=\"\" loading=\"lazy\" srcset=\"https:\/\/toso.it\/wp-content\/uploads\/2021\/12\/11127909_1060029434011159_6165573654840739785_o-1024x683.jpg 1024w, https:\/\/toso.it\/wp-content\/uploads\/2021\/12\/11127909_1060029434011159_6165573654840739785_o-600x400.jpg 600w, https:\/\/toso.it\/wp-content\/uploads\/2021\/12\/11127909_1060029434011159_6165573654840739785_o-300x200.jpg 300w, https:\/\/toso.it\/wp-content\/uploads\/2021\/12\/11127909_1060029434011159_6165573654840739785_o-768x512.jpg 768w, https:\/\/toso.it\/wp-content\/uploads\/2021\/12\/11127909_1060029434011159_6165573654840739785_o-630x420.jpg 630w, https:\/\/toso.it\/wp-content\/uploads\/2021\/12\/11127909_1060029434011159_6165573654840739785_o.jpg 1348w\" sizes=\"(max-width: 980px) 100vw, 980px\" \/>\t\t\t\t\t\t\t\t\t\t\t\t\t\t\t<\/div>\n\t\t\t\t<\/div>\n\t\t\t\t<div class=\"elementor-element elementor-element-0c708aa elementor-widget elementor-widget-image\" data-id=\"0c708aa\" data-element_type=\"widget\" data-widget_type=\"image.default\">\n\t\t\t\t<div class=\"elementor-widget-container\">\n\t\t\t\t\t\t\t\t\t\t\t\t\t\t\t<img width=\"850\" height=\"700\" src=\"https:\/\/toso.it\/wp-content\/uploads\/2021\/12\/25498292_1949190225095071_4384965155501510877_n.png\" class=\"attachment-large size-large\" alt=\"\" loading=\"lazy\" srcset=\"https:\/\/toso.it\/wp-content\/uploads\/2021\/12\/25498292_1949190225095071_4384965155501510877_n.png 850w, https:\/\/toso.it\/wp-content\/uploads\/2021\/12\/25498292_1949190225095071_4384965155501510877_n-600x494.png 600w, https:\/\/toso.it\/wp-content\/uploads\/2021\/12\/25498292_1949190225095071_4384965155501510877_n-300x247.png 300w, https:\/\/toso.it\/wp-content\/uploads\/2021\/12\/25498292_1949190225095071_4384965155501510877_n-768x632.png 768w, https:\/\/toso.it\/wp-content\/uploads\/2021\/12\/25498292_1949190225095071_4384965155501510877_n-630x519.png 630w\" sizes=\"(max-width: 850px) 100vw, 850px\" \/>\t\t\t\t\t\t\t\t\t\t\t\t\t\t\t<\/div>\n\t\t\t\t<\/div>\n\t\t\t\t\t<\/div>\n\t\t<\/div>\n\t\t\t\t\t\t\t<\/div>\n\t\t<\/div>\n\t\t\t\t\t\t<\/div>\n\t\t\t\t\t<\/div>","protected":false},"excerpt":{"rendered":"<p>casa toso Bilancio di sostenibilit\u00e0 Sostenibilit\u00e0: la nostra tradizione che evolve. Bilancio di sosenibilit\u00e0 Nel 2024 Toso ha redatto il suo primo Bilancio di Sostenibilit\u00e0, formalizzando un impegno che da sempre accompagna il nostro modo di fare impresa. Il documento, redatto secondo lo standard volontario VSME, racconta in modo trasparente il nostro impegno ambientale, sociale [&hellip;]<\/p>","protected":false},"author":1,"featured_media":0,"parent":0,"menu_order":0,"comment_status":"closed","ping_status":"closed","template":"elementor_header_footer","meta":{"inline_featured_image":false},"acf":[],"_links":{"self":[{"href":"https:\/\/toso.it\/en\/wp-json\/wp\/v2\/pages\/8862"}],"collection":[{"href":"https:\/\/toso.it\/en\/wp-json\/wp\/v2\/pages"}],"about":[{"href":"https:\/\/toso.it\/en\/wp-json\/wp\/v2\/types\/page"}],"author":[{"embeddable":true,"href":"https:\/\/toso.it\/en\/wp-json\/wp\/v2\/users\/1"}],"replies":[{"embeddable":true,"href":"https:\/\/toso.it\/en\/wp-json\/wp\/v2\/comments?post=8862"}],"version-history":[{"count":16,"href":"https:\/\/toso.it\/en\/wp-json\/wp\/v2\/pages\/8862\/revisions"}],"predecessor-version":[{"id":8883,"href":"https:\/\/toso.it\/en\/wp-json\/wp\/v2\/pages\/8862\/revisions\/8883"}],"wp:attachment":[{"href":"https:\/\/toso.it\/en\/wp-json\/wp\/v2\/media?parent=8862"}],"curies":[{"name":"wp","href":"https:\/\/api.w.org\/{rel}","templated":true}]}}