

{"id":8169,"date":"2024-04-11T16:13:44","date_gmt":"2024-04-11T16:13:44","guid":{"rendered":"https:\/\/toso.it\/?page_id=8169"},"modified":"2025-09-24T14:40:29","modified_gmt":"2025-09-24T14:40:29","slug":"brands-toccasana","status":"publish","type":"page","link":"https:\/\/toso.it\/en\/brands-toccasana\/","title":{"rendered":"brands-toccasana"},"content":{"rendered":"<div data-elementor-type=\"wp-page\" data-elementor-id=\"8169\" class=\"elementor elementor-8169\" data-elementor-settings=\"[]\">\n\t\t\t\t\t\t\t<div class=\"elementor-section-wrap\">\n\t\t\t\t\t\t\t<div class=\"elementor-section elementor-top-section elementor-element elementor-element-e5433aa elementor-section-full_width elementor-section-stretched elementor-section-height-default elementor-section-height-default\" data-id=\"e5433aa\" data-element_type=\"section\" data-settings=\"{&quot;stretch_section&quot;:&quot;section-stretched&quot;,&quot;background_background&quot;:&quot;classic&quot;}\">\n\t\t\t\t\t\t\t<div class=\"elementor-background-overlay\"><\/div>\n\t\t\t\t\t\t\t<div class=\"elementor-container elementor-column-gap-no\">\n\t\t\t\t\t<div class=\"elementor-column elementor-col-100 elementor-top-column elementor-element elementor-element-9fda206\" data-id=\"9fda206\" data-element_type=\"column\">\n\t\t\t<div class=\"elementor-widget-wrap elementor-element-populated\">\n\t\t\t\t\t\t\t\t<div class=\"elementor-section elementor-inner-section elementor-element elementor-element-ca8bfa2 elementor-reverse-mobile elementor-section-boxed elementor-section-height-default elementor-section-height-default\" data-id=\"ca8bfa2\" data-element_type=\"section\">\n\t\t\t\t\t\t<div class=\"elementor-container elementor-column-gap-no\">\n\t\t\t\t\t<div class=\"elementor-column elementor-col-50 elementor-inner-column elementor-element elementor-element-ebe2582\" data-id=\"ebe2582\" data-element_type=\"column\" data-settings=\"{&quot;background_background&quot;:&quot;classic&quot;}\">\n\t\t\t<div class=\"elementor-widget-wrap elementor-element-populated\">\n\t\t\t\t\t\t\t\t<div class=\"elementor-element elementor-element-6b2204c animated-slow elementor-invisible elementor-widget elementor-widget-image\" data-id=\"6b2204c\" data-element_type=\"widget\" data-settings=\"{&quot;_animation&quot;:&quot;fadeInLeft&quot;}\" data-widget_type=\"image.default\">\n\t\t\t\t<div class=\"elementor-widget-container\">\n\t\t\t\t\t\t\t\t\t\t\t\t\t\t\t<img width=\"600\" height=\"700\" src=\"https:\/\/toso.it\/wp-content\/uploads\/2024\/04\/Toccasana-prod.png\" class=\"attachment-large size-large\" alt=\"\" loading=\"lazy\" srcset=\"https:\/\/toso.it\/wp-content\/uploads\/2024\/04\/Toccasana-prod.png 600w, https:\/\/toso.it\/wp-content\/uploads\/2024\/04\/Toccasana-prod-257x300.png 257w, https:\/\/toso.it\/wp-content\/uploads\/2024\/04\/Toccasana-prod-10x12.png 10w\" sizes=\"(max-width: 600px) 100vw, 600px\" \/>\t\t\t\t\t\t\t\t\t\t\t\t\t\t\t<\/div>\n\t\t\t\t<\/div>\n\t\t\t\t\t<\/div>\n\t\t<\/div>\n\t\t\t\t<div class=\"elementor-column elementor-col-50 elementor-inner-column elementor-element elementor-element-c2859dc\" data-id=\"c2859dc\" data-element_type=\"column\">\n\t\t\t<div class=\"elementor-widget-wrap elementor-element-populated\">\n\t\t\t\t\t\t\t\t<div class=\"elementor-element elementor-element-529de30 elementor-widget elementor-widget-image\" data-id=\"529de30\" data-element_type=\"widget\" data-widget_type=\"image.default\">\n\t\t\t\t<div class=\"elementor-widget-container\">\n\t\t\t\t\t\t\t\t\t\t\t\t\t\t\t<img src=\"https:\/\/toso.it\/wp-content\/uploads\/elementor\/thumbs\/toccasana-logo-qotayw3sjl4jpooiek7whyknc00fojbzvlskqo9tz4.png\" title=\"toccasana-logo\" alt=\"toccasana-logo\" \/>\t\t\t\t\t\t\t\t\t\t\t\t\t\t\t<\/div>\n\t\t\t\t<\/div>\n\t\t\t\t<div class=\"elementor-element elementor-element-98a0e06 elementor-widget elementor-widget-spacer\" data-id=\"98a0e06\" data-element_type=\"widget\" data-widget_type=\"spacer.default\">\n\t\t\t\t<div class=\"elementor-widget-container\">\n\t\t\t\t\t<div class=\"elementor-spacer\">\n\t\t\t<div class=\"elementor-spacer-inner\"><\/div>\n\t\t<\/div>\n\t\t\t\t<\/div>\n\t\t\t\t<\/div>\n\t\t\t\t<div class=\"elementor-element elementor-element-1b4f74e elementor-widget elementor-widget-heading\" data-id=\"1b4f74e\" data-element_type=\"widget\" data-widget_type=\"heading.default\">\n\t\t\t\t<div class=\"elementor-widget-container\">\n\t\t\t<h4 class=\"elementor-heading-title elementor-size-default\">Scopri il Gusto autentico con Toccasana Amaro<\/h4>\t\t<\/div>\n\t\t\t\t<\/div>\n\t\t\t\t<div class=\"elementor-element elementor-element-f0e1820 elementor-widget elementor-widget-spacer\" data-id=\"f0e1820\" data-element_type=\"widget\" data-widget_type=\"spacer.default\">\n\t\t\t\t<div class=\"elementor-widget-container\">\n\t\t\t\t\t<div class=\"elementor-spacer\">\n\t\t\t<div class=\"elementor-spacer-inner\"><\/div>\n\t\t<\/div>\n\t\t\t\t<\/div>\n\t\t\t\t<\/div>\n\t\t\t\t<div class=\"elementor-element elementor-element-32b53bb elementor-widget elementor-widget-text-editor\" data-id=\"32b53bb\" data-element_type=\"widget\" data-widget_type=\"text-editor.default\">\n\t\t\t\t<div class=\"elementor-widget-container\">\n\t\t\t\t\t\t\t<p>Toccasana Amaro porta l\u2019armonia dei sapori e il comfort dell\u2019autenticit\u00e0 direttamente al tuo palato, offrendo un\u2019esperienza unica ad ogni sorso. Creato con una cura artigianale e una selezione di erbe aromatiche, Toccasana Amaro \u00e8 una celebrazione dei segreti della natura e della tradizione culinaria italiana. Con il suo gusto equilibrato e avvolgente, Toccasana Amaro \u00e8 pi\u00f9 di una bevanda: \u00e8 un elisir di gioia che ristora corpo e spirito. Benvenuti nel mondo di Toccasana Amaro, dove ogni sorso \u00e8 una carezza per l\u2019anima e un tributo alla vita autentica.<\/p>\t\t\t\t\t\t<\/div>\n\t\t\t\t<\/div>\n\t\t\t\t<div class=\"elementor-element elementor-element-9e5f643 elementor-widget elementor-widget-spacer\" data-id=\"9e5f643\" data-element_type=\"widget\" data-widget_type=\"spacer.default\">\n\t\t\t\t<div class=\"elementor-widget-container\">\n\t\t\t\t\t<div class=\"elementor-spacer\">\n\t\t\t<div class=\"elementor-spacer-inner\"><\/div>\n\t\t<\/div>\n\t\t\t\t<\/div>\n\t\t\t\t<\/div>\n\t\t\t\t<div class=\"elementor-element elementor-element-193529e elementor-widget elementor-widget-button\" data-id=\"193529e\" data-element_type=\"widget\" data-widget_type=\"button.default\">\n\t\t\t\t<div class=\"elementor-widget-container\">\n\t\t\t\t\t<div class=\"elementor-button-wrapper\">\n\t\t\t<a href=\"https:\/\/www.toccasanaamaro.it\/\" target=\"_blank\" class=\"elementor-button-link elementor-button elementor-size-sm\" role=\"button\">\n\t\t\t\t\t\t<span class=\"elementor-button-content-wrapper\">\n\t\t\t\t\t\t<span class=\"elementor-button-text\">Visit toccasanaamaro.it<\/span>\n\t\t<\/span>\n\t\t\t\t\t<\/a>\n\t\t<\/div>\n\t\t\t\t<\/div>\n\t\t\t\t<\/div>\n\t\t\t\t\t<\/div>\n\t\t<\/div>\n\t\t\t\t\t\t\t<\/div>\n\t\t<\/div>\n\t\t\t\t<section class=\"elementor-section elementor-inner-section elementor-element elementor-element-6d1abe3 elementor-section-boxed elementor-section-height-default elementor-section-height-default\" data-id=\"6d1abe3\" data-element_type=\"section\">\n\t\t\t\t\t\t<div class=\"elementor-container elementor-column-gap-default\">\n\t\t\t\t\t<div class=\"elementor-column elementor-col-100 elementor-inner-column elementor-element elementor-element-c3a3a77\" data-id=\"c3a3a77\" data-element_type=\"column\">\n\t\t\t<div class=\"elementor-widget-wrap elementor-element-populated\">\n\t\t\t\t\t\t\t\t<div class=\"elementor-element elementor-element-bf13520 elementor-widget elementor-widget-spacer\" data-id=\"bf13520\" data-element_type=\"widget\" data-widget_type=\"spacer.default\">\n\t\t\t\t<div class=\"elementor-widget-container\">\n\t\t\t\t\t<div class=\"elementor-spacer\">\n\t\t\t<div class=\"elementor-spacer-inner\"><\/div>\n\t\t<\/div>\n\t\t\t\t<\/div>\n\t\t\t\t<\/div>\n\t\t\t\t<div class=\"elementor-element elementor-element-5c35647 elementor-widget elementor-widget-bodoni-brand\" data-id=\"5c35647\" data-element_type=\"widget\" data-widget_type=\"bodoni-brand.default\">\n\t\t\t\t<div class=\"elementor-widget-container\">\n\t\t\t        <div class=\"elementor-brands\">\n            <div class=\"elementor-brand-wrapper\">\n\n                <div class=\"row\" data-elementor-columns=\"4\" data-elementor-columns-tablet=\"3\" data-elementor-columns-mobile=\"2\">\n                                            <div class=\"elementor-brand-item column-item\">\n                            <div class=\"elementor-brand-image\">\n                                <a href=\"https:\/\/toso.it\/en\/brands-gamondi\/\"  title=\"Gamondi\"><img width=\"850\" height=\"550\" src=\"https:\/\/toso.it\/wp-content\/uploads\/2024\/04\/Gamondi_logo.png\" class=\"attachment-full size-full\" alt=\"\" loading=\"lazy\" srcset=\"https:\/\/toso.it\/wp-content\/uploads\/2024\/04\/Gamondi_logo.png 850w, https:\/\/toso.it\/wp-content\/uploads\/2024\/04\/Gamondi_logo-300x194.png 300w, https:\/\/toso.it\/wp-content\/uploads\/2024\/04\/Gamondi_logo-768x497.png 768w, https:\/\/toso.it\/wp-content\/uploads\/2024\/04\/Gamondi_logo-18x12.png 18w, https:\/\/toso.it\/wp-content\/uploads\/2024\/04\/Gamondi_logo-630x408.png 630w, https:\/\/toso.it\/wp-content\/uploads\/2024\/04\/Gamondi_logo-600x388.png 600w\" sizes=\"(max-width: 850px) 100vw, 850px\" \/><\/a>                            <\/div>\n                        <\/div>\n                                            <div class=\"elementor-brand-item column-item\">\n                            <div class=\"elementor-brand-image\">\n                                <a href=\"https:\/\/toso.it\/en\/brands-illegal\/\"  title=\"Illegal-vodka\"><img width=\"850\" height=\"550\" src=\"https:\/\/toso.it\/wp-content\/uploads\/2024\/04\/illegal-logo.png\" class=\"attachment-full size-full\" alt=\"\" loading=\"lazy\" srcset=\"https:\/\/toso.it\/wp-content\/uploads\/2024\/04\/illegal-logo.png 850w, https:\/\/toso.it\/wp-content\/uploads\/2024\/04\/illegal-logo-300x194.png 300w, https:\/\/toso.it\/wp-content\/uploads\/2024\/04\/illegal-logo-768x497.png 768w, https:\/\/toso.it\/wp-content\/uploads\/2024\/04\/illegal-logo-18x12.png 18w, https:\/\/toso.it\/wp-content\/uploads\/2024\/04\/illegal-logo-630x408.png 630w, https:\/\/toso.it\/wp-content\/uploads\/2024\/04\/illegal-logo-600x388.png 600w\" sizes=\"(max-width: 850px) 100vw, 850px\" \/><\/a>                            <\/div>\n                        <\/div>\n                                            <div class=\"elementor-brand-item column-item\">\n                            <div class=\"elementor-brand-image\">\n                                <a href=\"https:\/\/toso.it\/en\/brands-papito\/\"  title=\"Papito\"><img width=\"850\" height=\"550\" src=\"https:\/\/toso.it\/wp-content\/uploads\/2024\/04\/papito-logo.png\" class=\"attachment-full size-full\" alt=\"\" loading=\"lazy\" srcset=\"https:\/\/toso.it\/wp-content\/uploads\/2024\/04\/papito-logo.png 850w, https:\/\/toso.it\/wp-content\/uploads\/2024\/04\/papito-logo-300x194.png 300w, https:\/\/toso.it\/wp-content\/uploads\/2024\/04\/papito-logo-768x497.png 768w, https:\/\/toso.it\/wp-content\/uploads\/2024\/04\/papito-logo-18x12.png 18w, https:\/\/toso.it\/wp-content\/uploads\/2024\/04\/papito-logo-630x408.png 630w, https:\/\/toso.it\/wp-content\/uploads\/2024\/04\/papito-logo-600x388.png 600w\" sizes=\"(max-width: 850px) 100vw, 850px\" \/><\/a>                            <\/div>\n                        <\/div>\n                                            <div class=\"elementor-brand-item column-item\">\n                            <div class=\"elementor-brand-image\">\n                                <a href=\"https:\/\/toso.it\/en\/brands-morra\/\"  title=\"Morra\"><img width=\"850\" height=\"550\" src=\"https:\/\/toso.it\/wp-content\/uploads\/2024\/04\/morra-logo.png\" class=\"attachment-full size-full\" alt=\"\" loading=\"lazy\" srcset=\"https:\/\/toso.it\/wp-content\/uploads\/2024\/04\/morra-logo.png 850w, https:\/\/toso.it\/wp-content\/uploads\/2024\/04\/morra-logo-300x194.png 300w, https:\/\/toso.it\/wp-content\/uploads\/2024\/04\/morra-logo-768x497.png 768w, https:\/\/toso.it\/wp-content\/uploads\/2024\/04\/morra-logo-18x12.png 18w, https:\/\/toso.it\/wp-content\/uploads\/2024\/04\/morra-logo-630x408.png 630w, https:\/\/toso.it\/wp-content\/uploads\/2024\/04\/morra-logo-600x388.png 600w\" sizes=\"(max-width: 850px) 100vw, 850px\" \/><\/a>                            <\/div>\n                        <\/div>\n                                            <div class=\"elementor-brand-item column-item\">\n                            <div class=\"elementor-brand-image\">\n                                <a href=\"https:\/\/toso.it\/en\/brands-pietro-toso\/\"  title=\"Pietro Toso\"><img width=\"850\" height=\"550\" src=\"https:\/\/toso.it\/wp-content\/uploads\/2024\/04\/pietrotoso-logo.png\" class=\"attachment-full size-full\" alt=\"\" loading=\"lazy\" srcset=\"https:\/\/toso.it\/wp-content\/uploads\/2024\/04\/pietrotoso-logo.png 850w, https:\/\/toso.it\/wp-content\/uploads\/2024\/04\/pietrotoso-logo-300x194.png 300w, https:\/\/toso.it\/wp-content\/uploads\/2024\/04\/pietrotoso-logo-768x497.png 768w, https:\/\/toso.it\/wp-content\/uploads\/2024\/04\/pietrotoso-logo-18x12.png 18w, https:\/\/toso.it\/wp-content\/uploads\/2024\/04\/pietrotoso-logo-630x408.png 630w, https:\/\/toso.it\/wp-content\/uploads\/2024\/04\/pietrotoso-logo-600x388.png 600w\" sizes=\"(max-width: 850px) 100vw, 850px\" \/><\/a>                            <\/div>\n                        <\/div>\n                                            <div class=\"elementor-brand-item column-item\">\n                            <div class=\"elementor-brand-image\">\n                                <a href=\"https:\/\/toso.it\/en\/brands-fiorelli\/\"  title=\"Fiorelli\"><img width=\"850\" height=\"550\" src=\"https:\/\/toso.it\/wp-content\/uploads\/2024\/04\/fiorelli-logo.png\" class=\"attachment-full size-full\" alt=\"\" loading=\"lazy\" srcset=\"https:\/\/toso.it\/wp-content\/uploads\/2024\/04\/fiorelli-logo.png 850w, https:\/\/toso.it\/wp-content\/uploads\/2024\/04\/fiorelli-logo-300x194.png 300w, https:\/\/toso.it\/wp-content\/uploads\/2024\/04\/fiorelli-logo-768x497.png 768w, https:\/\/toso.it\/wp-content\/uploads\/2024\/04\/fiorelli-logo-18x12.png 18w, https:\/\/toso.it\/wp-content\/uploads\/2024\/04\/fiorelli-logo-630x408.png 630w, https:\/\/toso.it\/wp-content\/uploads\/2024\/04\/fiorelli-logo-600x388.png 600w\" sizes=\"(max-width: 850px) 100vw, 850px\" \/><\/a>                            <\/div>\n                        <\/div>\n                                            <div class=\"elementor-brand-item column-item\">\n                            <div class=\"elementor-brand-image\">\n                                <a href=\"https:\/\/toso.it\/en\/brands-fiocco-di-vite\/\"  title=\"Fiocco di vite\"><img width=\"850\" height=\"550\" src=\"https:\/\/toso.it\/wp-content\/uploads\/2024\/04\/fioccodivite-logo.png\" class=\"attachment-full size-full\" alt=\"\" loading=\"lazy\" srcset=\"https:\/\/toso.it\/wp-content\/uploads\/2024\/04\/fioccodivite-logo.png 850w, https:\/\/toso.it\/wp-content\/uploads\/2024\/04\/fioccodivite-logo-300x194.png 300w, https:\/\/toso.it\/wp-content\/uploads\/2024\/04\/fioccodivite-logo-768x497.png 768w, https:\/\/toso.it\/wp-content\/uploads\/2024\/04\/fioccodivite-logo-18x12.png 18w, https:\/\/toso.it\/wp-content\/uploads\/2024\/04\/fioccodivite-logo-630x408.png 630w, https:\/\/toso.it\/wp-content\/uploads\/2024\/04\/fioccodivite-logo-600x388.png 600w\" sizes=\"(max-width: 850px) 100vw, 850px\" \/><\/a>                            <\/div>\n                        <\/div>\n                                            <div class=\"elementor-brand-item column-item\">\n                            <div class=\"elementor-brand-image\">\n                                <a href=\"https:\/\/toso.it\/en\/brands-toso\/\"  title=\"Toso\"><img width=\"850\" height=\"550\" src=\"https:\/\/toso.it\/wp-content\/uploads\/2024\/04\/TOSO-logo.png\" class=\"attachment-full size-full\" alt=\"\" loading=\"lazy\" srcset=\"https:\/\/toso.it\/wp-content\/uploads\/2024\/04\/TOSO-logo.png 850w, https:\/\/toso.it\/wp-content\/uploads\/2024\/04\/TOSO-logo-300x194.png 300w, https:\/\/toso.it\/wp-content\/uploads\/2024\/04\/TOSO-logo-768x497.png 768w, https:\/\/toso.it\/wp-content\/uploads\/2024\/04\/TOSO-logo-18x12.png 18w, https:\/\/toso.it\/wp-content\/uploads\/2024\/04\/TOSO-logo-630x408.png 630w, https:\/\/toso.it\/wp-content\/uploads\/2024\/04\/TOSO-logo-600x388.png 600w\" sizes=\"(max-width: 850px) 100vw, 850px\" \/><\/a>                            <\/div>\n                        <\/div>\n                                    <\/div>\n            <\/div>\n        <\/div>\n        \t\t<\/div>\n\t\t\t\t<\/div>\n\t\t\t\t\t<\/div>\n\t\t<\/div>\n\t\t\t\t\t\t\t<\/div>\n\t\t<\/section>\n\t\t\t\t\t<\/div>\n\t\t<\/div>\n\t\t\t\t\t\t\t<\/div>\n\t\t<\/div>\n\t\t\t\t<section class=\"elementor-section elementor-top-section elementor-element elementor-element-2906455 elementor-section-boxed elementor-section-height-default elementor-section-height-default\" data-id=\"2906455\" data-element_type=\"section\">\n\t\t\t\t\t\t<div class=\"elementor-container elementor-column-gap-default\">\n\t\t\t\t\t<div class=\"elementor-column elementor-col-100 elementor-top-column elementor-element elementor-element-c19ebc7\" data-id=\"c19ebc7\" data-element_type=\"column\">\n\t\t\t<div class=\"elementor-widget-wrap elementor-element-populated\">\n\t\t\t\t\t\t\t\t<div class=\"elementor-element elementor-element-e797ac1 elementor-widget elementor-widget-shortcode\" data-id=\"e797ac1\" data-element_type=\"widget\" data-widget_type=\"shortcode.default\">\n\t\t\t\t<div class=\"elementor-widget-container\">\n\t\t\t\t\t<div class=\"elementor-shortcode\">\t\t<div data-elementor-type=\"section\" data-elementor-id=\"8787\" class=\"elementor elementor-8787\" data-elementor-settings=\"[]\">\n\t\t\t\t\t\t\t<div class=\"elementor-section-wrap\">\n\t\t\t\t\t\t\t<section class=\"elementor-section elementor-top-section elementor-element elementor-element-8e93ed0 elementor-section-boxed elementor-section-height-default elementor-section-height-default\" data-id=\"8e93ed0\" data-element_type=\"section\">\n\t\t\t\t\t\t<div class=\"elementor-container elementor-column-gap-default\">\n\t\t\t\t\t<div class=\"elementor-column elementor-col-33 elementor-top-column elementor-element elementor-element-dc88093\" data-id=\"dc88093\" data-element_type=\"column\">\n\t\t\t<div class=\"elementor-widget-wrap elementor-element-populated\">\n\t\t\t\t\t\t\t\t<div class=\"elementor-element elementor-element-22cdb90 elementor-widget__width-auto elementor-widget elementor-widget-button\" data-id=\"22cdb90\" data-element_type=\"widget\" data-widget_type=\"button.default\">\n\t\t\t\t<div class=\"elementor-widget-container\">\n\t\t\t\t\t<div class=\"elementor-button-wrapper\">\n\t\t\t<a href=\"https:\/\/toso.it\/wp-content\/uploads\/2025\/01\/Catalogo-digitale-Toso-On-Trade-2025-31-1-25.pdf\" target=\"_blank\" class=\"elementor-button-link elementor-button elementor-size-sm\" role=\"button\">\n\t\t\t\t\t\t<span class=\"elementor-button-content-wrapper\">\n\t\t\t\t\t\t<span class=\"elementor-button-text\">Catalogo Toso On Trade<\/span>\n\t\t<\/span>\n\t\t\t\t\t<\/a>\n\t\t<\/div>\n\t\t\t\t<\/div>\n\t\t\t\t<\/div>\n\t\t\t\t\t<\/div>\n\t\t<\/div>\n\t\t\t\t<div class=\"elementor-column elementor-col-33 elementor-top-column elementor-element elementor-element-b8fb65e\" data-id=\"b8fb65e\" data-element_type=\"column\">\n\t\t\t<div class=\"elementor-widget-wrap elementor-element-populated\">\n\t\t\t\t\t\t\t\t<div class=\"elementor-element elementor-element-52ffaaa elementor-widget__width-auto elementor-widget elementor-widget-button\" data-id=\"52ffaaa\" data-element_type=\"widget\" data-widget_type=\"button.default\">\n\t\t\t\t<div class=\"elementor-widget-container\">\n\t\t\t\t\t<div class=\"elementor-button-wrapper\">\n\t\t\t<a href=\"https:\/\/toso.it\/wp-content\/uploads\/2025\/01\/Catalogo-digitale-Toso-Off-Trade-2025-31-1-25.pdf\" target=\"_blank\" class=\"elementor-button-link elementor-button elementor-size-sm\" role=\"button\">\n\t\t\t\t\t\t<span class=\"elementor-button-content-wrapper\">\n\t\t\t\t\t\t<span class=\"elementor-button-text\">Catalogo Toso Off Trade<\/span>\n\t\t<\/span>\n\t\t\t\t\t<\/a>\n\t\t<\/div>\n\t\t\t\t<\/div>\n\t\t\t\t<\/div>\n\t\t\t\t\t<\/div>\n\t\t<\/div>\n\t\t\t\t<div class=\"elementor-column elementor-col-33 elementor-top-column elementor-element elementor-element-428677e\" data-id=\"428677e\" data-element_type=\"column\">\n\t\t\t<div class=\"elementor-widget-wrap elementor-element-populated\">\n\t\t\t\t\t\t\t\t<div class=\"elementor-element elementor-element-0d6a478 elementor-widget__width-auto elementor-widget elementor-widget-button\" data-id=\"0d6a478\" data-element_type=\"widget\" data-widget_type=\"button.default\">\n\t\t\t\t<div class=\"elementor-widget-container\">\n\t\t\t\t\t<div class=\"elementor-button-wrapper\">\n\t\t\t<a href=\"https:\/\/shop.toso.it\/gb\/\" target=\"_blank\" class=\"elementor-button-link elementor-button elementor-size-sm\" role=\"button\">\n\t\t\t\t\t\t<span class=\"elementor-button-content-wrapper\">\n\t\t\t\t\t\t<span class=\"elementor-button-text\">Shop Toso<\/span>\n\t\t<\/span>\n\t\t\t\t\t<\/a>\n\t\t<\/div>\n\t\t\t\t<\/div>\n\t\t\t\t<\/div>\n\t\t\t\t\t<\/div>\n\t\t<\/div>\n\t\t\t\t\t\t\t<\/div>\n\t\t<\/section>\n\t\t\t\t\t\t<\/div>\n\t\t\t\t\t<\/div>\n\t\t<\/div>\n\t\t\t\t<\/div>\n\t\t\t\t<\/div>\n\t\t\t\t\t<\/div>\n\t\t<\/div>\n\t\t\t\t\t\t\t<\/div>\n\t\t<\/section>\n\t\t\t\t\t\t<\/div>\n\t\t\t\t\t<\/div>","protected":false},"excerpt":{"rendered":"<p>Scopri il Gusto autentico con Toccasana Amaro Toccasana Amaro porta l\u2019armonia dei sapori e il comfort dell\u2019autenticit\u00e0 direttamente al tuo palato, offrendo un\u2019esperienza unica ad ogni sorso. Creato con una cura artigianale e una selezione di erbe aromatiche, Toccasana Amaro \u00e8 una celebrazione dei segreti della natura e della tradizione culinaria italiana. Con il suo [&hellip;]<\/p>","protected":false},"author":1,"featured_media":0,"parent":0,"menu_order":0,"comment_status":"closed","ping_status":"closed","template":"elementor_header_footer","meta":{"inline_featured_image":false},"acf":[],"_links":{"self":[{"href":"https:\/\/toso.it\/en\/wp-json\/wp\/v2\/pages\/8169"}],"collection":[{"href":"https:\/\/toso.it\/en\/wp-json\/wp\/v2\/pages"}],"about":[{"href":"https:\/\/toso.it\/en\/wp-json\/wp\/v2\/types\/page"}],"author":[{"embeddable":true,"href":"https:\/\/toso.it\/en\/wp-json\/wp\/v2\/users\/1"}],"replies":[{"embeddable":true,"href":"https:\/\/toso.it\/en\/wp-json\/wp\/v2\/comments?post=8169"}],"version-history":[{"count":25,"href":"https:\/\/toso.it\/en\/wp-json\/wp\/v2\/pages\/8169\/revisions"}],"predecessor-version":[{"id":8817,"href":"https:\/\/toso.it\/en\/wp-json\/wp\/v2\/pages\/8169\/revisions\/8817"}],"wp:attachment":[{"href":"https:\/\/toso.it\/en\/wp-json\/wp\/v2\/media?parent=8169"}],"curies":[{"name":"wp","href":"https:\/\/api.w.org\/{rel}","templated":true}]}}