{"id":7583,"date":"2022-02-03T15:14:41","date_gmt":"2022-02-03T15:14:41","guid":{"rendered":"https:\/\/toso.it\/?page_id=7583"},"modified":"2022-02-03T15:17:42","modified_gmt":"2022-02-03T15:17:42","slug":"privacy-policy","status":"publish","type":"page","link":"https:\/\/toso.it\/en\/privacy-policy\/","title":{"rendered":"Privacy Policy"},"content":{"rendered":"<p><strong>Oggetto: Informativa sul trattamento di dati personali, ai sensi dell\u2019art. 13, Regolamento UE n. 2016\/679 \u2013 \u201cGENERAL DATA PROTECTION REGULATION\u201d (di seguito \u201cGDPR\u201d) e del D.Lgs. 196\/2003, integrato dal D.Lgs. 101\/2018.<\/strong><\/p>\n\n\n\n<p>Con questa informativa, desideriamo metterLa al corrente delle modalit\u00e0 in cui la TOSO S.p.A. tratta i Suoi dati personali, raccolti durante la navigazione sul nostro sito web: www.toso.it. Ove non specificato diversamente, tutti gli articoli citati fanno riferimento alla normativa indicata nel titolo.<\/p>\n\n\n\n<ol><li><strong>Titolare del trattamento<\/strong><\/li><\/ol>\n\n\n\n<p><br>Titolare del trattamento \u00e8 TOSO S.p.A. (di seguito anche Titolare o Azienda), con sede in Via Statale, 3 a Cossano Belbo (12054 &#8211; Cn)&nbsp; &#8211;&nbsp;P.Iva: 02462360047, nella persona di Gianfranco Toso, legale rappresentante.<\/p>\n\n\n\n<ol><li><strong>Nomina RDP \u2013 DPO<\/strong><\/li><\/ol>\n\n\n\n<p><br>Il Titolare, non ricadendo nelle casistiche indicate dall\u2019Art. 37 del GDPR, n\u00e9 in quelle indicate nelle varie interpretazioni dell\u2019Autorit\u00e0 Garante, non ha ritenuto necessario nominare un Responsabile per la Protezione dei Dati.<\/p>\n\n\n\n<ol><li><strong>Oggetto del trattamento<\/strong><\/li><\/ol>\n\n\n\n<p><strong>1 Dati di navigazione<\/strong><\/p>\n\n\n\n<p>I sistemi informatici e le procedure software preposte al funzionamento di questo sito web acquisiscono, nel corso del loro normale esercizio, alcuni dati personali la cui trasmissione \u00e8 implicita nell&#8217;uso dei protocolli di comunicazione di Internet.<\/p>\n\n\n\n<p>Si tratta di informazioni che non sono raccolte per essere associate a interessati identificati, ma che per loro stessa natura potrebbero, attraverso elaborazioni ed associazioni con dati detenuti da terzi, permettere di identificare gli utenti.<\/p>\n\n\n\n<p>In questa categoria di dati rientrano gli indirizzi IP o i nomi a dominio dei computer utilizzati dagli utenti che si connettono al sito, gli indirizzi in notazione URI (Uniform Resource Identifier) delle risorse richieste, l&#8217;orario della richiesta, il metodo utilizzato nel sottoporre la richiesta al server, la dimensione del file ottenuto in risposta, il codice numerico indicante lo stato della risposta data dal server (buon fine, errore, ecc.) ed altri parametri relativi al sistema operativo e all&#8217;ambiente informatico dell&#8217;utente..<\/p>\n\n\n\n<p><strong>2 Dati forniti volontariamente dall&#8217;utente<\/strong><\/p>\n\n\n\n<p>L&#8217;invio facoltativo, esplicito e volontario di posta elettronica agli indirizzi indicati su questo sito comporta la successiva acquisizione dell&#8217;indirizzo del mittente, necessario per rispondere alle richieste, nonch\u00e9 degli eventuali altri dati personali inseriti nella missiva.<\/p>\n\n\n\n<p>Specifiche informative di sintesi verranno progressivamente riportate o visualizzate nelle pagine del sito predisposte per particolari servizi a richiesta.<\/p>\n\n\n\n<p>Il trattamento delle informazioni che La riguardano sar\u00e0 improntato ai principi di correttezza, liceit\u00e0, trasparenza e di tutela della riservatezza e saranno trattati e conservati con strumenti informatici e con modalit\u00e0 cartacee per il tempo strettamente necessario a conseguire gli scopi per cui sono stati raccolti.<\/p>\n\n\n\n<p>Specifiche misure di sicurezza sono osservate per prevenire la perdita dei dati, usi illeciti o non corretti ed accessi non autorizzati.<\/p>\n\n\n\n<p><strong>3 Cookies<\/strong><\/p>\n\n\n\n<p>I cookie sono piccoli file di testo che i siti visitati inviano al terminale dell\u2019utente, dove vengono memorizzati, per poi essere ritrasmessi agli stessi siti alla visita successiva.<\/p>\n\n\n\n<p>Il Sito utilizza:<\/p>\n\n\n\n<ul><li>Cookie di sessione il cui utilizzo non \u00e8 strumentale alla raccolta di dati personali identificativi dell\u2019utente, essendo limitato alla sola trasmissione di dati identificativi di sessione nella forma di numeri generati automaticamente dal server, senza alcuna possibilit\u00e0 di personalizzazione.<br>I cookie di sessione non sono memorizzati in modo persistente sul dispositivo dell\u2019utente e vengono cancellati automaticamente alla chiusura del browser.<\/li><li>Cookie di terza parte per la visualizzazione della cartina di Google Maps<br>Toso S.p.A. non ha accesso ai dati che sono raccolti e trattati in piena autonomia dalle terze parti. Per maggiori informazioni sulle logiche e le modalit\u00e0 di trattamento dei dati raccolti da Google Maps, gli utenti sono invitati a leggere le note informative sulla privacy fornite dai soggetti che forniscono i servizi in questione.<\/li><\/ul>\n\n\n\n<p>I cookies tecnici non sono utilizzati per attivit\u00e0 di profilazione dell\u2019Utente.<\/p>\n\n\n\n<p>L\u2019Utente pu\u00f2 scegliere di abilitare o disabilitare i cookies intervenendo sulle impostazioni del proprio browser di navigazione secondo le istruzioni rese disponibili dai relativi fornitori ai link di seguito indicati:<\/p>\n\n\n\n<ul><li><a href=\"https:\/\/support.google.com\/chrome\/answer\/95647?hl=eng\">Chrome<\/a><\/li><li><a href=\"https:\/\/support.mozilla.org\/it\/kb\/Gestione%2520dei%2520cookie#w_impostazioni-dei-cookie\">Firefox<\/a><\/li><li><a href=\"https:\/\/support.apple.com\/it-it\/HT201265\">Safari<\/a><\/li><li><a href=\"http:\/\/windows.microsoft.com\/it-it\/windows-vista\/block-or-allow-cookies\">Internet Explorer<\/a><\/li><li><a href=\"http:\/\/www.opera.com\/help\/tutorials\/security\/cookies\/\">Opera<\/a><\/li><\/ul>\n\n\n\n<ol><li><strong>Finalit\u00e0 del trattamento, fondamento giuridico, natura del conferimento.<\/strong><\/li><\/ol>\n\n\n\n<p><br>La finalit\u00e0 del trattamento di cui al punto 3.1 \u00e8 ricavare informazioni statistiche anonime sull&#8217;uso del sito e per controllarne il corretto funzionamento. I dati potrebbero essere utilizzati per l&#8217;accertamento di responsabilit\u00e0 in caso di ipotetici reati informatici ai danni del sito. Il trattamento \u00e8 lecito ai sensi dell\u2019Art. 6, comma 1) lettera b) e f) del GDPR. Il conferimento dei dati risulta obbligatorio, pena l\u2019impossibilit\u00e0 di gestire correttamente gli&nbsp; aspetti contrattuali.<\/p>\n\n\n\n<p>La finalit\u00e0 del trattamento di cui al punto 3.2 \u00e8 sempre connessa e\/o strumentale alla consultazione del sito, (\u00e8 escluso, pertanto, ogni utilizzo diverso e\/o confliggente con quelli dell\u2019Interessato). In particolare il trattamento in oggetto \u00e8 limitato alla risposta alle domande poste dall\u2019interessato. Questo trattamento \u00e8 legittimo ai sensi dell\u2019Art. 6, comma 1, lettera a) e richiede il consenso esplicito dell\u2019interessato. L\u2019eventuale conferimento dei dati \u00e8 facoltativo, tuttavia, il rifiuto a fornire i dati personali pertinenti allo scopo della raccolta non render\u00e0 possibile l\u2019ottenimento di quanto richiesto.<\/p>\n\n\n\n<p>La finalit\u00e0&nbsp; del trattamento di cui al punto 3.3 \u00e8 il miglioramento dell\u2019esperienza utente di navigazione e la raccolta di informazioni aggregate a fini statistici. L\u2019eventuale conferimento dei dati \u00e8 facoltativo.<\/p>\n\n\n\n<ol><li><strong>Modalit\u00e0 di trattamento, durata del trattamento<\/strong><\/li><\/ol>\n\n\n\n<p><br>Il trattamento dei Suoi dati personali in relazione al punto 3.1 \u00e8 realizzato per mezzo delle operazioni indicate all\u2019Art. 4 n. 2)&nbsp; GDPR e precisamente: raccolta, registrazione, organizzazione, utilizzo, cancellazione. I Suoi dati personali sono sottoposti a trattamento elettronico e\/o automatizzato, e vengono cancellati immediatamente dopo l&#8217;elaborazione<\/p>\n\n\n\n<p>Il trattamento dei Suoi dati personali in relazione al punto 3.2 \u00e8 realizzato per mezzo delle operazioni indicate all\u2019Art. 4 n. 2)&nbsp; GDPR e precisamente: raccolta, registrazione, organizzazione, utilizzo, cancellazione. I Suoi dati personali sono sottoposti a trattamento elettronico e\/o automatizzato.&nbsp;<\/p>\n\n\n\n<p>I Suoi dati personali non saranno in ogni caso soggetti a diffusione.<\/p>\n\n\n\n<p>Il trattamento dei Suoi dati personali in relazione al punto 3.3 avviene con le regole e modalit\u00e0 di chi fornisce i diversi servizi, ed \u00e8 indicato nelle informative dedicate, indicate al punto 3.3<\/p>\n\n\n\n<ol><li><strong>Accesso ai dati<\/strong><\/li><\/ol>\n\n\n\n<p>I Suoi dati potranno essere resi accessibili per le finalit\u00e0 di cui al punto 4) a dipendenti e collaboratori del Titolare, nella loro qualit\u00e0 di incaricati e\/o responsabili interni del trattamento e\/o amministratori di sistema, o a societ\u00e0 terze o altri soggetti (a titolo indicativo, istituti di credito, studi professionali, consulenti, societ\u00e0 di assicurazione per la prestazione di servizi assicurativi, etc.) che svolgono attivit\u00e0 in outsourcing per conto del Titolare, nella loro qualit\u00e0 di responsabili esterni del trattamento.<\/p>\n\n\n\n<ol><li><strong>Comunicazione dei dati<\/strong><\/li><\/ol>\n\n\n\n<p><br>Senza la necessit\u00e0 di un espresso consenso (ex&nbsp; art. 6 lett. b), c) del GDPR), il Titolare potr\u00e0 comunicare i Suoi dati per le finalit\u00e0 di cui al punto 4) a Organismi di vigilanza, enti pubblici (in particolare sanitari), Autorit\u00e0 giudiziarie, a societ\u00e0 di assicurazione per la prestazione di servizi assicurativi, nonch\u00e9 a quei soggetti ai quali la comunicazione sia obbligatoria per legge per l\u2019espletamento delle finalit\u00e0 dette. Detti soggetti tratteranno i dati nella loro qualit\u00e0 di autonomi titolari del trattamento. I Suoi dati non saranno diffusi.<\/p>\n\n\n\n<ol><li><strong>Trasferimento dei dati in paesi extra-UE<\/strong><\/li><\/ol>\n\n\n\n<p><br>I dati personali conferiti, di cui al punto 3) sono conservati in formato elettronico e\/o cartaceo su server e\/o in archivi fisici ubicati presso la sede del Titolare, all\u2019interno dell\u2019Unione Europea. Resta in ogni caso inteso che il Titolare, ove si rendesse necessario, avr\u00e0 facolt\u00e0 di spostare archivi e server in altri paesi della UE o anche extra-UE, ad esempio nel caso di utilizzo di servizi Cloud. In tal caso, il Titolare assicura sin d\u2019ora che il trasferimento dei dati extra-UE avverr\u00e0 in conformit\u00e0 alle disposizioni di legge applicabili, previa stipula delle clausole contrattuali standard previste dalla Commissione Europea.<\/p>\n\n\n\n<ol><li><strong>Diritti dell\u2019interessato<\/strong><\/li><\/ol>\n\n\n\n<p><br>Nella Sua qualit\u00e0 di interessato, gode dei diritti di cui agli artt. 15, 16, 17, 18, 19, 20, 21 e 22 del GDPR. In dettaglio:<\/p>\n\n\n\n<ul><li>Diritto di accesso<\/li><li>Diritto di rettifica<\/li><li>Diritto alla cancellazione (\u00abdiritto all&#8217;oblio\u00bb)<\/li><li>Diritto di limitazione di trattamento<\/li><li>Diritto all\u2019Obbligo di notifica in caso di rettifica o cancellazione dei dati personali o limitazione del trattamento<\/li><li>Diritto alla portabilit\u00e0 dei dati<\/li><li>Diritto di opposizione<\/li><li>Diritti relativi al Processo decisionale automatizzato relativo alle persone fisiche, compresa la profilazione<\/li><\/ul>\n\n\n\n<ol><li><strong>Modalit\u00e0 di esercizio dei diritti dell\u2019interessato<\/strong><\/li><\/ol>\n\n\n\n<p>Potr\u00e0 in qualsiasi momento esercitare i diritti inviando:<\/p>\n\n\n\n<p>&#8211; una raccomandata a.r. indirizzata presso il Titolare del trattamento, di cui al punto 1)<\/p>\n\n\n\n<p>&#8211; una e-mail all\u2019indirizzo info@toso.it<\/p>\n\n\n\n<p>TOSO S.p.A.<\/p>","protected":false},"excerpt":{"rendered":"<p>Oggetto: Informativa sul trattamento di dati personali, ai sensi dell\u2019art. 13, Regolamento UE n. 2016\/679 \u2013 \u201cGENERAL DATA PROTECTION REGULATION\u201d (di seguito \u201cGDPR\u201d) e del D.Lgs. 196\/2003, integrato dal D.Lgs. 101\/2018. Con questa informativa, desideriamo metterLa al corrente delle modalit\u00e0 in cui la TOSO S.p.A. tratta i Suoi dati personali, raccolti durante la navigazione sul [&hellip;]<\/p>","protected":false},"author":1,"featured_media":0,"parent":0,"menu_order":0,"comment_status":"closed","ping_status":"closed","template":"","meta":{"inline_featured_image":false},"acf":[],"_links":{"self":[{"href":"https:\/\/toso.it\/en\/wp-json\/wp\/v2\/pages\/7583"}],"collection":[{"href":"https:\/\/toso.it\/en\/wp-json\/wp\/v2\/pages"}],"about":[{"href":"https:\/\/toso.it\/en\/wp-json\/wp\/v2\/types\/page"}],"author":[{"embeddable":true,"href":"https:\/\/toso.it\/en\/wp-json\/wp\/v2\/users\/1"}],"replies":[{"embeddable":true,"href":"https:\/\/toso.it\/en\/wp-json\/wp\/v2\/comments?post=7583"}],"version-history":[{"count":1,"href":"https:\/\/toso.it\/en\/wp-json\/wp\/v2\/pages\/7583\/revisions"}],"predecessor-version":[{"id":7584,"href":"https:\/\/toso.it\/en\/wp-json\/wp\/v2\/pages\/7583\/revisions\/7584"}],"wp:attachment":[{"href":"https:\/\/toso.it\/en\/wp-json\/wp\/v2\/media?parent=7583"}],"curies":[{"name":"wp","href":"https:\/\/api.w.org\/{rel}","templated":true}]}}