

{"id":6904,"date":"2021-12-27T13:51:57","date_gmt":"2021-12-27T13:51:57","guid":{"rendered":"https:\/\/toso.it\/?page_id=6904"},"modified":"2025-12-18T14:25:48","modified_gmt":"2025-12-18T14:25:48","slug":"certificazioni","status":"publish","type":"page","link":"https:\/\/toso.it\/en\/certificazioni\/","title":{"rendered":"Certifications"},"content":{"rendered":"<div data-elementor-type=\"wp-page\" data-elementor-id=\"6904\" class=\"elementor elementor-6904\" data-elementor-settings=\"[]\">\n\t\t\t\t\t\t\t<div class=\"elementor-section-wrap\">\n\t\t\t\t\t\t\t<div class=\"elementor-section elementor-top-section elementor-element elementor-element-8bbe263 elementor-section-stretched elementor-section-boxed elementor-section-height-default elementor-section-height-default\" data-id=\"8bbe263\" data-element_type=\"section\" data-settings=\"{&quot;stretch_section&quot;:&quot;section-stretched&quot;}\">\n\t\t\t\t\t\t<div class=\"elementor-container elementor-column-gap-no\">\n\t\t\t\t\t<div class=\"elementor-column elementor-col-50 elementor-top-column elementor-element elementor-element-e19dd89\" data-id=\"e19dd89\" data-element_type=\"column\">\n\t\t\t<div class=\"elementor-widget-wrap elementor-element-populated\">\n\t\t\t\t\t\t\t\t<div class=\"elementor-element elementor-element-6e63f0a elementor-widget elementor-widget-spacer\" data-id=\"6e63f0a\" data-element_type=\"widget\" data-widget_type=\"spacer.default\">\n\t\t\t\t<div class=\"elementor-widget-container\">\n\t\t\t\t\t<div class=\"elementor-spacer\">\n\t\t\t<div class=\"elementor-spacer-inner\"><\/div>\n\t\t<\/div>\n\t\t\t\t<\/div>\n\t\t\t\t<\/div>\n\t\t\t\t<div class=\"elementor-element elementor-element-a54c99d elementor-widget elementor-widget-heading\" data-id=\"a54c99d\" data-element_type=\"widget\" data-widget_type=\"heading.default\">\n\t\t\t\t<div class=\"elementor-widget-container\">\n\t\t\t<h2 class=\"elementor-heading-title elementor-size-default\">Toso house<\/h2>\t\t<\/div>\n\t\t\t\t<\/div>\n\t\t\t\t<div class=\"elementor-element elementor-element-da17611 elementor-widget elementor-widget-heading\" data-id=\"da17611\" data-element_type=\"widget\" data-widget_type=\"heading.default\">\n\t\t\t\t<div class=\"elementor-widget-container\">\n\t\t\t<h2 class=\"elementor-heading-title elementor-size-default\">Certifications<\/h2>\t\t<\/div>\n\t\t\t\t<\/div>\n\t\t\t\t<div class=\"elementor-element elementor-element-41debde elementor-widget elementor-widget-image\" data-id=\"41debde\" data-element_type=\"widget\" data-widget_type=\"image.default\">\n\t\t\t\t<div class=\"elementor-widget-container\">\n\t\t\t\t\t\t\t\t\t\t\t\t\t\t\t<img src=\"https:\/\/demo2wpopal.b-cdn.net\/bodoni\/wp-content\/uploads\/2021\/07\/vector.png\" title=\"\" alt=\"\" \/>\t\t\t\t\t\t\t\t\t\t\t\t\t\t\t<\/div>\n\t\t\t\t<\/div>\n\t\t\t\t<div class=\"elementor-element elementor-element-e1ae757 elementor-widget elementor-widget-text-editor\" data-id=\"e1ae757\" data-element_type=\"widget\" data-widget_type=\"text-editor.default\">\n\t\t\t\t<div class=\"elementor-widget-container\">\n\t\t\t\t\t\t\t<p>From this section you can download all our certifications.<\/p>\t\t\t\t\t\t<\/div>\n\t\t\t\t<\/div>\n\t\t\t\t\t<\/div>\n\t\t<\/div>\n\t\t\t\t<div class=\"elementor-column elementor-col-50 elementor-top-column elementor-element elementor-element-0f3b50c\" data-id=\"0f3b50c\" data-element_type=\"column\">\n\t\t\t<div class=\"elementor-widget-wrap\">\n\t\t\t\t\t\t\t\t\t<\/div>\n\t\t<\/div>\n\t\t\t\t\t\t\t<\/div>\n\t\t<\/div>\n\t\t\t\t<div class=\"elementor-section elementor-top-section elementor-element elementor-element-f2e22fa elementor-section-stretched elementor-section-boxed elementor-section-height-default elementor-section-height-default\" data-id=\"f2e22fa\" data-element_type=\"section\" data-settings=\"{&quot;stretch_section&quot;:&quot;section-stretched&quot;}\">\n\t\t\t\t\t\t<div class=\"elementor-container elementor-column-gap-no\">\n\t\t\t\t\t<div class=\"elementor-column elementor-col-50 elementor-top-column elementor-element elementor-element-886b99e\" data-id=\"886b99e\" data-element_type=\"column\">\n\t\t\t<div class=\"elementor-widget-wrap elementor-element-populated\">\n\t\t\t\t\t\t\t\t<div class=\"elementor-element elementor-element-bf1db82 elementor-position-left bodoni-image-box-style-1 elementor-vertical-align-top elementor-widget elementor-widget-image-box\" data-id=\"bf1db82\" data-element_type=\"widget\" data-widget_type=\"image-box.default\">\n\t\t\t\t<div class=\"elementor-widget-container\">\n\t\t\t<div class=\"elementor-image-box-wrapper\"><figure class=\"elementor-image-box-img\"><a href=\"https:\/\/toso.it\/wp-content\/uploads\/2025\/01\/Politica-Organizzativa.pdf\" target=\"_blank\"><img width=\"99\" height=\"138\" src=\"https:\/\/toso.it\/wp-content\/uploads\/2021\/12\/Schermata-2021-12-27-alle-15.01.33.png\" class=\"attachment-full size-full\" alt=\"\" loading=\"lazy\" \/><\/a><\/figure><div class=\"elementor-image-box-content\"><h3 class=\"elementor-image-box-title\"><a href=\"https:\/\/toso.it\/wp-content\/uploads\/2025\/01\/Politica-Organizzativa.pdf\" target=\"_blank\">QUALITY, FOOD SAFETY AND ENVIRONMENTAL MANAGEMENT POLICY<\/a><\/h3><p class=\"elementor-image-box-description\">La Direzione della TOSO S.p.A., riconosce la necessit\u00e0 di mantenere un La Direzione di TOSO S.p.A. si \u00e8 dotata negli anni di un Modello Organizzativo attinente la Qualit\u00e0, la Sicurezza Alimentare, l\u2019Ambiente, l\u2019Energia, la Salute e Sicurezza sul Lavoro, l\u2019etica dando garanzia di risultati sui prodotti e sui servizi ad essi associati, in modo da ottenere continuit\u00e0 nei rapporti commerciali, nel pieno rispetto dei requisiti di legge e tecnici attualmente vigenti.<\/p><\/div><\/div>\t\t<\/div>\n\t\t\t\t<\/div>\n\t\t\t\t<div class=\"elementor-element elementor-element-3cf2dde elementor-position-left bodoni-image-box-style-1 elementor-vertical-align-top elementor-widget elementor-widget-image-box\" data-id=\"3cf2dde\" data-element_type=\"widget\" data-widget_type=\"image-box.default\">\n\t\t\t\t<div class=\"elementor-widget-container\">\n\t\t\t<div class=\"elementor-image-box-wrapper\"><figure class=\"elementor-image-box-img\"><a href=\"https:\/\/toso.it\/wp-content\/uploads\/2022\/02\/Toso_CodiceEtico_EN-1.pdf\" target=\"_blank\"><img width=\"129\" height=\"180\" src=\"https:\/\/toso.it\/wp-content\/uploads\/2021\/12\/Schermata-2021-12-27-alle-15.03.20.png\" class=\"attachment-full size-full\" alt=\"\" loading=\"lazy\" \/><\/a><\/figure><div class=\"elementor-image-box-content\"><h3 class=\"elementor-image-box-title\"><a href=\"https:\/\/toso.it\/wp-content\/uploads\/2022\/02\/Toso_CodiceEtico_EN-1.pdf\" target=\"_blank\">CODE OF ETHICS<\/a><\/h3><p class=\"elementor-image-box-description\">oso S.p.A. adopts the ETI Code, aware that the provisions of the aforementioned document constitute the minimum required standards. Should it occur that the national law and the basic code cover the same issues, the provision offering the major protection will be applied.<\/p><\/div><\/div>\t\t<\/div>\n\t\t\t\t<\/div>\n\t\t\t\t<div class=\"elementor-element elementor-element-9a70780 elementor-position-left bodoni-image-box-style-1 elementor-vertical-align-top elementor-widget elementor-widget-image-box\" data-id=\"9a70780\" data-element_type=\"widget\" data-widget_type=\"image-box.default\">\n\t\t\t\t<div class=\"elementor-widget-container\">\n\t\t\t<div class=\"elementor-image-box-wrapper\"><figure class=\"elementor-image-box-img\"><a href=\"https:\/\/toso.it\/wp-content\/uploads\/2022\/02\/CODICE-ETICO-231.pdf\" target=\"_blank\"><img width=\"107\" height=\"164\" src=\"https:\/\/toso.it\/wp-content\/uploads\/2021\/12\/Schermata-2021-12-27-alle-15.04.35.png\" class=\"attachment-full size-full\" alt=\"\" loading=\"lazy\" \/><\/a><\/figure><div class=\"elementor-image-box-content\"><h3 class=\"elementor-image-box-title\"><a href=\"https:\/\/toso.it\/wp-content\/uploads\/2022\/02\/CODICE-ETICO-231.pdf\" target=\"_blank\">CODE OF ETHICS AND MODEL 231<\/a><\/h3><p class=\"elementor-image-box-description\">Toso S.p.A. has implemented an Organisation and Management Model in accordance with Legislative Decree 231\/2001, with the aim of having a structured and organic system of prevention, dissuasion and control, aimed at reducing the risk of committing crimes by identifying the sensitive activities and their consequent discipline.\nDocument available in Italian.<\/p><\/div><\/div>\t\t<\/div>\n\t\t\t\t<\/div>\n\t\t\t\t<div class=\"elementor-element elementor-element-356ad2f elementor-position-left bodoni-image-box-style-1 elementor-vertical-align-top elementor-widget elementor-widget-image-box\" data-id=\"356ad2f\" data-element_type=\"widget\" data-widget_type=\"image-box.default\">\n\t\t\t\t<div class=\"elementor-widget-container\">\n\t\t\t<div class=\"elementor-image-box-wrapper\"><figure class=\"elementor-image-box-img\"><a href=\"https:\/\/toso.it\/wp-content\/uploads\/2025\/12\/2025_msIFSFood_V8_en.pdf\" target=\"_blank\"><img width=\"1044\" height=\"1478\" src=\"https:\/\/toso.it\/wp-content\/uploads\/2023\/07\/Screenshot-2023-07-13-alle-12.35.30.png\" class=\"attachment-full size-full\" alt=\"\" loading=\"lazy\" \/><\/a><\/figure><div class=\"elementor-image-box-content\"><h3 class=\"elementor-image-box-title\"><a href=\"https:\/\/toso.it\/wp-content\/uploads\/2025\/12\/2025_msIFSFood_V8_en.pdf\" target=\"_blank\">INTERNATIONAL FOOD STANDARDS<\/a><\/h3><p class=\"elementor-image-box-description\">Production and bottling of wines, liqueur wines, sparkling wines, vermouth, cocktails and flavoured wine-based drinks, non-alcoholic beverages.<\/p><\/div><\/div>\t\t<\/div>\n\t\t\t\t<\/div>\n\t\t\t\t<div class=\"elementor-element elementor-element-3490d92 elementor-position-left bodoni-image-box-style-1 elementor-vertical-align-top elementor-widget elementor-widget-image-box\" data-id=\"3490d92\" data-element_type=\"widget\" data-widget_type=\"image-box.default\">\n\t\t\t\t<div class=\"elementor-widget-container\">\n\t\t\t<div class=\"elementor-image-box-wrapper\"><figure class=\"elementor-image-box-img\"><a href=\"https:\/\/toso.it\/wp-content\/uploads\/2025\/01\/Certificato-ISO-22000-2024-2027_IT.pdf\" target=\"_blank\"><img width=\"99\" height=\"138\" src=\"https:\/\/toso.it\/wp-content\/uploads\/2021\/12\/Schermata-2021-12-27-alle-15.09.32.png\" class=\"attachment-full size-full\" alt=\"\" loading=\"lazy\" \/><\/a><\/figure><div class=\"elementor-image-box-content\"><h3 class=\"elementor-image-box-title\"><a href=\"https:\/\/toso.it\/wp-content\/uploads\/2025\/01\/Certificato-ISO-22000-2024-2027_IT.pdf\" target=\"_blank\">ISO 22000:2018<\/a><\/h3><p class=\"elementor-image-box-description\">Production and bottling of wine, liqeur wine, sparkling wine, vermouth, cocktail and alcoholic drinks based of wine. Production by infusion and bottling of liqueurs and distillates.<\/p><\/div><\/div>\t\t<\/div>\n\t\t\t\t<\/div>\n\t\t\t\t<div class=\"elementor-element elementor-element-7154c00 elementor-position-left bodoni-image-box-style-1 elementor-vertical-align-top elementor-widget elementor-widget-image-box\" data-id=\"7154c00\" data-element_type=\"widget\" data-widget_type=\"image-box.default\">\n\t\t\t\t<div class=\"elementor-widget-container\">\n\t\t\t<div class=\"elementor-image-box-wrapper\"><figure class=\"elementor-image-box-img\"><a href=\"https:\/\/toso.it\/wp-content\/uploads\/2025\/12\/2025_msBRCfood_V9_en.pdf\" target=\"_blank\"><img width=\"1044\" height=\"1484\" src=\"https:\/\/toso.it\/wp-content\/uploads\/2023\/07\/Screenshot-2023-07-13-alle-12.35.18.png\" class=\"attachment-full size-full\" alt=\"\" loading=\"lazy\" \/><\/a><\/figure><div class=\"elementor-image-box-content\"><h3 class=\"elementor-image-box-title\"><a href=\"https:\/\/toso.it\/wp-content\/uploads\/2025\/12\/2025_msBRCfood_V9_en.pdf\" target=\"_blank\">BRC Global Standard for Food Safety<\/a><\/h3><p class=\"elementor-image-box-description\">Production and bottling in glass and cans of still, sparkling and spumante wines, flavored and liquor wines, wine based flavoured beverages and non-alcoholic beverages.<\/p><\/div><\/div>\t\t<\/div>\n\t\t\t\t<\/div>\n\t\t\t\t<div class=\"elementor-element elementor-element-2f8ae6a elementor-position-left bodoni-image-box-style-1 elementor-vertical-align-top elementor-widget elementor-widget-image-box\" data-id=\"2f8ae6a\" data-element_type=\"widget\" data-widget_type=\"image-box.default\">\n\t\t\t\t<div class=\"elementor-widget-container\">\n\t\t\t<div class=\"elementor-image-box-wrapper\"><figure class=\"elementor-image-box-img\"><a href=\"https:\/\/toso.it\/wp-content\/uploads\/2025\/01\/Certificato-ISO-14001-2015.pdf\" target=\"_blank\"><img width=\"100\" height=\"138\" src=\"https:\/\/toso.it\/wp-content\/uploads\/2021\/12\/Schermata-2021-12-27-alle-15.12.09.png\" class=\"attachment-full size-full\" alt=\"\" loading=\"lazy\" \/><\/a><\/figure><div class=\"elementor-image-box-content\"><h3 class=\"elementor-image-box-title\"><a href=\"https:\/\/toso.it\/wp-content\/uploads\/2025\/01\/Certificato-ISO-14001-2015.pdf\" target=\"_blank\">ISO 14001:2015<\/a><\/h3><p class=\"elementor-image-box-description\">Environmental Management System.<\/p><\/div><\/div>\t\t<\/div>\n\t\t\t\t<\/div>\n\t\t\t\t<div class=\"elementor-element elementor-element-c97528e elementor-position-left bodoni-image-box-style-1 elementor-vertical-align-top elementor-widget elementor-widget-image-box\" data-id=\"c97528e\" data-element_type=\"widget\" data-widget_type=\"image-box.default\">\n\t\t\t\t<div class=\"elementor-widget-container\">\n\t\t\t<div class=\"elementor-image-box-wrapper\"><figure class=\"elementor-image-box-img\"><a href=\"https:\/\/toso.it\/wp-content\/uploads\/2025\/12\/Certificato-ISO9001-Rev-007_IT.pdf\" target=\"_blank\"><img width=\"1170\" height=\"1658\" src=\"https:\/\/toso.it\/wp-content\/uploads\/2022\/06\/Schermata-2022-06-07-alle-15.25.49.png\" class=\"attachment-full size-full\" alt=\"\" loading=\"lazy\" \/><\/a><\/figure><div class=\"elementor-image-box-content\"><h3 class=\"elementor-image-box-title\"><a href=\"https:\/\/toso.it\/wp-content\/uploads\/2025\/12\/Certificato-ISO9001-Rev-007_IT.pdf\" target=\"_blank\">ISO 9001:2015<\/a><\/h3><p class=\"elementor-image-box-description\">Quality System.<\/p><\/div><\/div>\t\t<\/div>\n\t\t\t\t<\/div>\n\t\t\t\t<div class=\"elementor-element elementor-element-6a884cc elementor-position-left bodoni-image-box-style-1 elementor-vertical-align-top elementor-widget elementor-widget-image-box\" data-id=\"6a884cc\" data-element_type=\"widget\" data-widget_type=\"image-box.default\">\n\t\t\t\t<div class=\"elementor-widget-container\">\n\t\t\t<div class=\"elementor-image-box-wrapper\"><figure class=\"elementor-image-box-img\"><a href=\"https:\/\/toso.it\/wp-content\/uploads\/2025\/01\/Certificato-ISO-50001-2018.pdf\" target=\"_blank\"><img width=\"108\" height=\"160\" src=\"https:\/\/toso.it\/wp-content\/uploads\/2021\/12\/Schermata-2021-12-27-alle-15.14.09.png\" class=\"attachment-full size-full\" alt=\"\" loading=\"lazy\" \/><\/a><\/figure><div class=\"elementor-image-box-content\"><h3 class=\"elementor-image-box-title\"><a href=\"https:\/\/toso.it\/wp-content\/uploads\/2025\/01\/Certificato-ISO-50001-2018.pdf\" target=\"_blank\">ISO 50001:2018<\/a><\/h3><p class=\"elementor-image-box-description\">Energy Management System.<\/p><\/div><\/div>\t\t<\/div>\n\t\t\t\t<\/div>\n\t\t\t\t<div class=\"elementor-element elementor-element-948dc1e elementor-position-left bodoni-image-box-style-1 elementor-vertical-align-top elementor-widget elementor-widget-image-box\" data-id=\"948dc1e\" data-element_type=\"widget\" data-widget_type=\"image-box.default\">\n\t\t\t\t<div class=\"elementor-widget-container\">\n\t\t\t<div class=\"elementor-image-box-wrapper\"><figure class=\"elementor-image-box-img\"><a href=\"https:\/\/toso.it\/wp-content\/uploads\/2025\/12\/Certificato-Equalitas-2025.pdf\" target=\"_blank\"><img width=\"1654\" height=\"2339\" src=\"https:\/\/toso.it\/wp-content\/uploads\/2025\/12\/Certificato-Equalitas-2025.jpg\" class=\"attachment-full size-full\" alt=\"\" loading=\"lazy\" \/><\/a><\/figure><div class=\"elementor-image-box-content\"><h3 class=\"elementor-image-box-title\"><a href=\"https:\/\/toso.it\/wp-content\/uploads\/2025\/12\/Certificato-Equalitas-2025.pdf\" target=\"_blank\">Certificato EQUALITAS<\/a><\/h3><p class=\"elementor-image-box-description\">MODULO \u201cOrganizzazione Sostenibile - OS\u201d<\/p><\/div><\/div>\t\t<\/div>\n\t\t\t\t<\/div>\n\t\t\t\t\t<\/div>\n\t\t<\/div>\n\t\t\t\t<div class=\"elementor-column elementor-col-50 elementor-top-column elementor-element elementor-element-2303feb\" data-id=\"2303feb\" data-element_type=\"column\" data-settings=\"{&quot;background_background&quot;:&quot;classic&quot;}\">\n\t\t\t<div class=\"elementor-widget-wrap elementor-element-populated\">\n\t\t\t\t\t\t\t\t<div class=\"elementor-element elementor-element-21dba30 elementor-widget elementor-widget-image\" data-id=\"21dba30\" data-element_type=\"widget\" data-widget_type=\"image.default\">\n\t\t\t\t<div class=\"elementor-widget-container\">\n\t\t\t\t\t\t\t\t\t\t\t\t\t\t\t<img width=\"980\" height=\"654\" src=\"https:\/\/toso.it\/wp-content\/uploads\/2021\/12\/11127909_1060029434011159_6165573654840739785_o-1024x683.jpg\" class=\"attachment-large size-large\" alt=\"\" loading=\"lazy\" srcset=\"https:\/\/toso.it\/wp-content\/uploads\/2021\/12\/11127909_1060029434011159_6165573654840739785_o-1024x683.jpg 1024w, https:\/\/toso.it\/wp-content\/uploads\/2021\/12\/11127909_1060029434011159_6165573654840739785_o-600x400.jpg 600w, https:\/\/toso.it\/wp-content\/uploads\/2021\/12\/11127909_1060029434011159_6165573654840739785_o-300x200.jpg 300w, https:\/\/toso.it\/wp-content\/uploads\/2021\/12\/11127909_1060029434011159_6165573654840739785_o-768x512.jpg 768w, https:\/\/toso.it\/wp-content\/uploads\/2021\/12\/11127909_1060029434011159_6165573654840739785_o-630x420.jpg 630w, https:\/\/toso.it\/wp-content\/uploads\/2021\/12\/11127909_1060029434011159_6165573654840739785_o.jpg 1348w\" sizes=\"(max-width: 980px) 100vw, 980px\" \/>\t\t\t\t\t\t\t\t\t\t\t\t\t\t\t<\/div>\n\t\t\t\t<\/div>\n\t\t\t\t<div class=\"elementor-element elementor-element-d48eb92 elementor-widget elementor-widget-image\" data-id=\"d48eb92\" data-element_type=\"widget\" data-widget_type=\"image.default\">\n\t\t\t\t<div class=\"elementor-widget-container\">\n\t\t\t\t\t\t\t\t\t\t\t\t\t\t\t<img width=\"850\" height=\"700\" src=\"https:\/\/toso.it\/wp-content\/uploads\/2021\/12\/36490125_2172461336101291_8327221849209438208_n-1.jpg\" class=\"attachment-full size-full\" alt=\"\" loading=\"lazy\" srcset=\"https:\/\/toso.it\/wp-content\/uploads\/2021\/12\/36490125_2172461336101291_8327221849209438208_n-1.jpg 850w, https:\/\/toso.it\/wp-content\/uploads\/2021\/12\/36490125_2172461336101291_8327221849209438208_n-1-600x494.jpg 600w, https:\/\/toso.it\/wp-content\/uploads\/2021\/12\/36490125_2172461336101291_8327221849209438208_n-1-300x247.jpg 300w, https:\/\/toso.it\/wp-content\/uploads\/2021\/12\/36490125_2172461336101291_8327221849209438208_n-1-768x632.jpg 768w, https:\/\/toso.it\/wp-content\/uploads\/2021\/12\/36490125_2172461336101291_8327221849209438208_n-1-630x519.jpg 630w\" sizes=\"(max-width: 850px) 100vw, 850px\" \/>\t\t\t\t\t\t\t\t\t\t\t\t\t\t\t<\/div>\n\t\t\t\t<\/div>\n\t\t\t\t<div class=\"elementor-element elementor-element-0c708aa elementor-widget elementor-widget-image\" data-id=\"0c708aa\" data-element_type=\"widget\" data-widget_type=\"image.default\">\n\t\t\t\t<div class=\"elementor-widget-container\">\n\t\t\t\t\t\t\t\t\t\t\t\t\t\t\t<img width=\"850\" height=\"700\" src=\"https:\/\/toso.it\/wp-content\/uploads\/2021\/12\/25498292_1949190225095071_4384965155501510877_n.png\" class=\"attachment-large size-large\" alt=\"\" loading=\"lazy\" srcset=\"https:\/\/toso.it\/wp-content\/uploads\/2021\/12\/25498292_1949190225095071_4384965155501510877_n.png 850w, https:\/\/toso.it\/wp-content\/uploads\/2021\/12\/25498292_1949190225095071_4384965155501510877_n-600x494.png 600w, https:\/\/toso.it\/wp-content\/uploads\/2021\/12\/25498292_1949190225095071_4384965155501510877_n-300x247.png 300w, https:\/\/toso.it\/wp-content\/uploads\/2021\/12\/25498292_1949190225095071_4384965155501510877_n-768x632.png 768w, https:\/\/toso.it\/wp-content\/uploads\/2021\/12\/25498292_1949190225095071_4384965155501510877_n-630x519.png 630w\" sizes=\"(max-width: 850px) 100vw, 850px\" \/>\t\t\t\t\t\t\t\t\t\t\t\t\t\t\t<\/div>\n\t\t\t\t<\/div>\n\t\t\t\t<div class=\"elementor-element elementor-element-45c23d7 elementor-widget elementor-widget-image\" data-id=\"45c23d7\" data-element_type=\"widget\" data-widget_type=\"image.default\">\n\t\t\t\t<div class=\"elementor-widget-container\">\n\t\t\t\t\t\t\t\t\t\t\t\t\t\t\t<img width=\"850\" height=\"700\" src=\"https:\/\/toso.it\/wp-content\/uploads\/2021\/12\/36555977_2172460302768061_5259061104604086272_n.jpg\" class=\"attachment-large size-large\" alt=\"\" loading=\"lazy\" srcset=\"https:\/\/toso.it\/wp-content\/uploads\/2021\/12\/36555977_2172460302768061_5259061104604086272_n.jpg 850w, https:\/\/toso.it\/wp-content\/uploads\/2021\/12\/36555977_2172460302768061_5259061104604086272_n-600x494.jpg 600w, https:\/\/toso.it\/wp-content\/uploads\/2021\/12\/36555977_2172460302768061_5259061104604086272_n-300x247.jpg 300w, https:\/\/toso.it\/wp-content\/uploads\/2021\/12\/36555977_2172460302768061_5259061104604086272_n-768x632.jpg 768w, https:\/\/toso.it\/wp-content\/uploads\/2021\/12\/36555977_2172460302768061_5259061104604086272_n-630x519.jpg 630w\" sizes=\"(max-width: 850px) 100vw, 850px\" \/>\t\t\t\t\t\t\t\t\t\t\t\t\t\t\t<\/div>\n\t\t\t\t<\/div>\n\t\t\t\t\t<\/div>\n\t\t<\/div>\n\t\t\t\t\t\t\t<\/div>\n\t\t<\/div>\n\t\t\t\t\t\t<\/div>\n\t\t\t\t\t<\/div>","protected":false},"excerpt":{"rendered":"<p>casa toso Certificazioni Da questa sezione potrete scaricare tutte le nostre certificazioni. Politica per la Qualit\u00e0, Sicurezza Alimentare e Ambiente La Direzione della TOSO S.p.A., riconosce la necessit\u00e0 di mantenere un La Direzione di TOSO S.p.A. si \u00e8 dotata negli anni di un Modello Organizzativo attinente la Qualit\u00e0, la Sicurezza Alimentare, l\u2019Ambiente, l\u2019Energia, la Salute [&hellip;]<\/p>","protected":false},"author":1,"featured_media":0,"parent":0,"menu_order":0,"comment_status":"closed","ping_status":"closed","template":"elementor_header_footer","meta":{"inline_featured_image":false},"acf":[],"_links":{"self":[{"href":"https:\/\/toso.it\/en\/wp-json\/wp\/v2\/pages\/6904"}],"collection":[{"href":"https:\/\/toso.it\/en\/wp-json\/wp\/v2\/pages"}],"about":[{"href":"https:\/\/toso.it\/en\/wp-json\/wp\/v2\/types\/page"}],"author":[{"embeddable":true,"href":"https:\/\/toso.it\/en\/wp-json\/wp\/v2\/users\/1"}],"replies":[{"embeddable":true,"href":"https:\/\/toso.it\/en\/wp-json\/wp\/v2\/comments?post=6904"}],"version-history":[{"count":166,"href":"https:\/\/toso.it\/en\/wp-json\/wp\/v2\/pages\/6904\/revisions"}],"predecessor-version":[{"id":8860,"href":"https:\/\/toso.it\/en\/wp-json\/wp\/v2\/pages\/6904\/revisions\/8860"}],"wp:attachment":[{"href":"https:\/\/toso.it\/en\/wp-json\/wp\/v2\/media?parent=6904"}],"curies":[{"name":"wp","href":"https:\/\/api.w.org\/{rel}","templated":true}]}}